{"id":584,"date":"2019-09-08T17:29:57","date_gmt":"2019-09-08T17:29:57","guid":{"rendered":"https:\/\/demo.23digitalstudio.com\/?post_type=product&#038;p=584"},"modified":"2021-02-06T13:27:50","modified_gmt":"2021-02-06T13:27:50","slug":"great-mazinger-kurogane-finish","status":"publish","type":"product","link":"https:\/\/demo.23digitalstudio.com\/?product=great-mazinger-kurogane-finish","title":{"rendered":"Great Mazinger &#8211; Kurogane finish"},"content":{"rendered":"<p>El legendario Super Robot GrAEAT Mazinger, un especial nuevo \u00bb Kurogane \u00bb ( inspirado en acero) con un acabado de la superficie para una apariencia a\u00fan m\u00e1s dram\u00e1tica. El mismo contenido de metal colado y con caracter\u00edstica de acci\u00f3n como antes, pero con todo el nuevo acabado que acent\u00faa el contraste de colores y dise\u00f1o de gran alcance del personaje. El set incluye la figura, dos manos izquierda intercambiables, tres manos derecha intercambiables, The Mazinger Blade, ala Scramble Dash, izquierdo y derecho DRill Pressure Punch, pierna aletas, cerebro, Condor y partes de conexi\u00f3n Tamashii Stage.<\/p>\n","protected":false},"excerpt":{"rendered":"<ul>\n<li><strong>Marca:<\/strong> Bandai.<\/li>\n<li><strong>L\u00ednea de producto:<\/strong> Super Robot Chogokin.<\/li>\n<li><strong>Franquicia:<\/strong> Great Mazinger.<\/li>\n<li><strong>Nombre personaje:<\/strong> Great Mazinger.<\/li>\n<li><strong>Versi\u00f3n:<\/strong> Kurogane Finish.<\/li>\n<li><strong>Materiales:<\/strong> ABS, Die Cast, PVC.<\/li>\n<li><strong>Alto:<\/strong> 14cm.<\/li>\n<\/ul>\n","protected":false},"featured_media":587,"template":"","meta":{"_et_pb_use_builder":"","_et_pb_old_content":"","_et_gb_content_width":"","inline_featured_image":false},"product_cat":[30],"product_tag":[31,32],"_links":{"self":[{"href":"https:\/\/demo.23digitalstudio.com\/index.php?rest_route=\/wp\/v2\/product\/584"}],"collection":[{"href":"https:\/\/demo.23digitalstudio.com\/index.php?rest_route=\/wp\/v2\/product"}],"about":[{"href":"https:\/\/demo.23digitalstudio.com\/index.php?rest_route=\/wp\/v2\/types\/product"}],"wp:featuredmedia":[{"embeddable":true,"href":"https:\/\/demo.23digitalstudio.com\/index.php?rest_route=\/wp\/v2\/media\/587"}],"wp:attachment":[{"href":"https:\/\/demo.23digitalstudio.com\/index.php?rest_route=%2Fwp%2Fv2%2Fmedia&parent=584"}],"wp:term":[{"taxonomy":"product_cat","embeddable":true,"href":"https:\/\/demo.23digitalstudio.com\/index.php?rest_route=%2Fwp%2Fv2%2Fproduct_cat&post=584"},{"taxonomy":"product_tag","embeddable":true,"href":"https:\/\/demo.23digitalstudio.com\/index.php?rest_route=%2Fwp%2Fv2%2Fproduct_tag&post=584"}],"curies":[{"name":"wp","href":"https:\/\/api.w.org\/{rel}","templated":true}]}}