{"id":580,"date":"2019-09-08T17:22:07","date_gmt":"2019-09-08T17:22:07","guid":{"rendered":"https:\/\/demo.23digitalstudio.com\/?post_type=product&#038;p=580"},"modified":"2021-02-08T16:53:55","modified_gmt":"2021-02-08T16:53:55","slug":"bonsai-nana-sonare-cascada","status":"publish","type":"product","link":"https:\/\/demo.23digitalstudio.com\/?product=bonsai-nana-sonare-cascada","title":{"rendered":"Bonsai Nana Sonare &#8211; Cascada"},"content":{"rendered":"<h4>ESTILOS Y DESCRIPCI\u00d3N:<\/h4>\n<p>Planta rastrera que puede alcanzar 50 cms de altura extendi\u00e9ndose de forma horizontal por el suelo. Copas muy densas de follaje en forma de escamas con una fuerte fructificaci\u00f3n primaveral. Estas cualidades lo hacen perfecto como bonsai para principiantes ya que es f\u00e1cil de cultivar y sus densas copas dan unos resultados muy finos en poco tiempo.<\/p>\n<p>Ideal para estilos en cascada y semicascada aunque tambi\u00e9n admite otros estilos, debido al tama\u00f1o de su hoja y compactaci\u00f3n es ideal tambi\u00e9n para mame y shohin.<\/p>\n<h4>LUZ:<\/h4>\n<p>Pleno sol todo el a\u00f1o.<\/p>\n<h4>TEMPERATURAS:<\/h4>\n<p>Aguanta heladas aunque si esta situaci\u00f3n se prolonga demasiado es bueno protegerlo, en verano podemos sombrear en las horas m\u00e1s fuertes de sol.<\/p>\n<h4>HUMEDAD:<\/h4>\n<p>Se adapta bien a climas secos y h\u00famedos, es uno de los parientes de los crupreses que mejor se adaptan a los pa\u00edses tropicales.<\/p>\n","protected":false},"excerpt":{"rendered":"<ul>\n<li><strong>NOMBRE COM\u00daN:<\/strong> Juniperus Procumbens.<\/li>\n<li><strong>NOMBRE CIENT\u00cdFICO:<\/strong> Juniperus procumbens nana.<\/li>\n<li><strong>FAMILIA:<\/strong> Cupressaceae.<\/li>\n<li><strong>ORIGEN:<\/strong> Monta\u00f1as Kyushu y otras islas del sur de Jap\u00f3n.<\/li>\n<li><strong>ESTILO:<\/strong> Cascada.<\/li>\n<li><strong>TAMA\u00d1O:\u00a0<\/strong><\/li>\n<li><strong>SUBSTRATO:<\/strong> Akadama y kiryuzuna.<\/li>\n<li><strong>MACETA:<\/strong> Cer\u00e1mica mate.<\/li>\n<\/ul>\n<p>Formado a partir de una planta de vivero 4 a\u00f1os de formaci\u00f3n.<\/p>\n<p><strong>M\u00e1s informaci\u00f3n de la planta:<\/strong> <a href=\"https:\/\/www.escueladebonsaionline.com\/junniperus-procumbens\/\" target=\"_blank\" rel=\"noopener noreferrer\">Escuela de bonsai online<\/a><\/p>\n","protected":false},"featured_media":581,"template":"","meta":{"_et_pb_use_builder":"","_et_pb_old_content":"","_et_gb_content_width":"","inline_featured_image":false},"product_cat":[21],"product_tag":[],"_links":{"self":[{"href":"https:\/\/demo.23digitalstudio.com\/index.php?rest_route=\/wp\/v2\/product\/580"}],"collection":[{"href":"https:\/\/demo.23digitalstudio.com\/index.php?rest_route=\/wp\/v2\/product"}],"about":[{"href":"https:\/\/demo.23digitalstudio.com\/index.php?rest_route=\/wp\/v2\/types\/product"}],"wp:featuredmedia":[{"embeddable":true,"href":"https:\/\/demo.23digitalstudio.com\/index.php?rest_route=\/wp\/v2\/media\/581"}],"wp:attachment":[{"href":"https:\/\/demo.23digitalstudio.com\/index.php?rest_route=%2Fwp%2Fv2%2Fmedia&parent=580"}],"wp:term":[{"taxonomy":"product_cat","embeddable":true,"href":"https:\/\/demo.23digitalstudio.com\/index.php?rest_route=%2Fwp%2Fv2%2Fproduct_cat&post=580"},{"taxonomy":"product_tag","embeddable":true,"href":"https:\/\/demo.23digitalstudio.com\/index.php?rest_route=%2Fwp%2Fv2%2Fproduct_tag&post=580"}],"curies":[{"name":"wp","href":"https:\/\/api.w.org\/{rel}","templated":true}]}}