{"id":577,"date":"2019-09-08T17:21:15","date_gmt":"2019-09-08T17:21:15","guid":{"rendered":"https:\/\/demo.23digitalstudio.com\/?post_type=product&#038;p=577"},"modified":"2021-02-08T16:41:02","modified_gmt":"2021-02-08T16:41:02","slug":"bonsai-ficus-microcarpa","status":"publish","type":"product","link":"https:\/\/demo.23digitalstudio.com\/?product=bonsai-ficus-microcarpa","title":{"rendered":"Bonsai Ficus Microcarpa"},"content":{"rendered":"<h4>ESTILOS Y DESCRIPCI\u00d3N:<\/h4>\n<p>Los ficus debido a su fuerza y velocidad de crecimiento lucen mucho mejor en estilos muy masculinos, compactos y con troncos poderosos. Un ficus con el doble de ancho que su altura queda perfecto y armonioso.<\/p>\n<p>Es un \u00e1rbol majestuoso apreciado por su gran resistencia y versatilidad a la hora de aplicar cualquier t\u00e9cnica (excepto maderas muertas). Emite ra\u00edces a\u00e9reas y fusiona de una manera espectacular, la lustre de sus hojas y fructificaci\u00f3n de higos lo convierten en el rey de los tropicales.<\/p>\n<h4>LUZ:<\/h4>\n<p>Un \u00e1rbol que deber\u00eda estar siempre a pleno sol independientemente de la estaci\u00f3n sin necesidad de sombreo.<\/p>\n<h4>TEMPERATURAS:<\/h4>\n<p>Por exceso de calor nunca nos va a dar problemas, aguantan temperaturas extremas, el fr\u00edo tampoco suele ser un problema, aunque en el caso del bonsai tenemos que proteger Aguanta calores de m\u00e1s de 45\u00baC pero por debajo no deber\u00eda bajar nunca de 5\u00baC ya que podr\u00eda quemarse.<\/p>\n<h4>HUMEDAD:<\/h4>\n<p>Como buen tropical gusta de ambientes muy h\u00famedos pero no se recomienda pulverizar ya que su madera es blanda y tiene facilidad para alojar hongos.<\/p>\n<p><strong>M\u00e1s informaci\u00f3n de la planta:<\/strong> <a href=\"https:\/\/www.escueladebonsaionline.com\/ficus-microcarpa\/\" target=\"_blank\" rel=\"noopener noreferrer\">Escuela de bonsai online<\/a><\/p>\n","protected":false},"excerpt":{"rendered":"<ul>\n<li><strong>NOMBRE COM\u00daN:<\/strong> Ficus microcarpa.<\/li>\n<li><strong>NOMBRE CIENT\u00cdFICO:<\/strong> Ficus microcarpa.<\/li>\n<li><strong>FAMILIA:<\/strong> Moraceae.<\/li>\n<li><strong>ORIGEN:<\/strong> Desde el sur y sureste de Asia hasta Australia; sur de China, Filipinas, Borneo, Malasia, etc.<\/li>\n<li><strong>ESTILO:<\/strong> Moyogi<\/li>\n<li><strong>TAMA\u00d1O:\u00a0<\/strong><\/li>\n<li><strong>SUBSTRATO:<\/strong> Akadama y kiryuzuna.<\/li>\n<li><strong>MACETA:<\/strong> Maceta de entrenamiento.<\/li>\n<\/ul>\n","protected":false},"featured_media":595,"template":"","meta":{"_et_pb_use_builder":"on","_et_pb_old_content":"<h4>ESTILOS Y DESCRIPCI\u00d3N:<\/h4>\r\nLos ficus debido a su fuerza y velocidad de crecimiento lucen mucho mejor en estilos muy masculinos, compactos y con troncos poderosos. Un ficus con el doble de ancho que su altura queda perfecto y armonioso.\r\n\r\nEs un \u00e1rbol majestuoso apreciado por su gran resistencia y versatilidad a la hora de aplicar cualquier t\u00e9cnica (excepto maderas muertas). Emite ra\u00edces a\u00e9reas y fusiona de una manera espectacular, la lustre de sus hojas y fructificaci\u00f3n de higos lo convierten en el rey de los tropicales.\r\n<h4>LUZ:<\/h4>\r\nUn \u00e1rbol que deber\u00eda estar siempre a pleno sol independientemente de la estaci\u00f3n sin necesidad de sombreo.\r\n<h4>TEMPERATURAS:<\/h4>\r\nPor exceso de calor nunca nos va a dar problemas, aguantan temperaturas extremas, el fr\u00edo tampoco suele ser un problema, aunque en el caso del bonsai tenemos que proteger Aguanta calores de m\u00e1s de 45\u00baC pero por debajo no deber\u00eda bajar nunca de 5\u00baC ya que podr\u00eda quemarse.\r\n<h4>HUMEDAD:<\/h4>\r\nComo buen tropical gusta de ambientes muy h\u00famedos pero no se recomienda pulverizar ya que su madera es blanda y tiene facilidad para alojar hongos.\r\n\r\n<strong>M\u00e1s informaci\u00f3n de la planta:<\/strong> <a href=\"https:\/\/www.escueladebonsaionline.com\/ficus-microcarpa\/\" target=\"_blank\" rel=\"noopener noreferrer\">Escuela de bonsai online<\/a>","_et_gb_content_width":"","inline_featured_image":false},"product_cat":[21],"product_tag":[33],"_links":{"self":[{"href":"https:\/\/demo.23digitalstudio.com\/index.php?rest_route=\/wp\/v2\/product\/577"}],"collection":[{"href":"https:\/\/demo.23digitalstudio.com\/index.php?rest_route=\/wp\/v2\/product"}],"about":[{"href":"https:\/\/demo.23digitalstudio.com\/index.php?rest_route=\/wp\/v2\/types\/product"}],"wp:featuredmedia":[{"embeddable":true,"href":"https:\/\/demo.23digitalstudio.com\/index.php?rest_route=\/wp\/v2\/media\/595"}],"wp:attachment":[{"href":"https:\/\/demo.23digitalstudio.com\/index.php?rest_route=%2Fwp%2Fv2%2Fmedia&parent=577"}],"wp:term":[{"taxonomy":"product_cat","embeddable":true,"href":"https:\/\/demo.23digitalstudio.com\/index.php?rest_route=%2Fwp%2Fv2%2Fproduct_cat&post=577"},{"taxonomy":"product_tag","embeddable":true,"href":"https:\/\/demo.23digitalstudio.com\/index.php?rest_route=%2Fwp%2Fv2%2Fproduct_tag&post=577"}],"curies":[{"name":"wp","href":"https:\/\/api.w.org\/{rel}","templated":true}]}}