{"id":741,"date":"2019-09-14T19:19:15","date_gmt":"2019-09-14T19:19:15","guid":{"rendered":"https:\/\/demo.23digitalstudio.com\/?page_id=741"},"modified":"2019-11-03T12:34:38","modified_gmt":"2019-11-03T12:34:38","slug":"woocommerce-divi","status":"publish","type":"page","link":"https:\/\/demo.23digitalstudio.com\/?page_id=741","title":{"rendered":"woocommerce-DIVI"},"content":{"rendered":"<p>[et_pb_section fb_built=\u00bb1&#8243; _builder_version=\u00bb3.29.1&#8243;][et_pb_row column_structure=\u00bb1_3,1_3,1_3&#8243; _builder_version=\u00bb3.29.1&#8243; border_width_bottom=\u00bb1px\u00bb][et_pb_column type=\u00bb1_3&#8243; _builder_version=\u00bb3.29.1&#8243;][et_pb_text admin_label=\u00bbT\u00edtulo\u00bb _builder_version=\u00bb3.29.1&#8243; text_font=\u00bbRaleway|600||on|||||\u00bb text_text_color=\u00bb#0c71c3&#8243; text_orientation=\u00bbcenter\u00bb]<\/p>\n<p>Woo Breadcrumb<\/p>\n<p>[\/et_pb_text][et_pb_wc_breadcrumb product=\u00bb591&#8243; _builder_version=\u00bb3.29.1&#8243;][\/et_pb_wc_breadcrumb][et_pb_divider color=\u00bb#0c71c3&#8243; _builder_version=\u00bb3.29.1&#8243; custom_margin=\u00bb||0px||false|false\u00bb custom_padding=\u00bb20px||0px||false|false\u00bb][\/et_pb_divider][et_pb_text admin_label=\u00bbMen\u00fa superior de producto\u00bb _builder_version=\u00bb3.29.1&#8243;]<\/p>\n<p><span style=\"color: #000000;\"><strong>DESCRIPCI\u00d3N:<\/strong><\/span> Men\u00fa superior de producto<\/p>\n<p>[\/et_pb_text][\/et_pb_column][et_pb_column type=\u00bb1_3&#8243; _builder_version=\u00bb3.29.1&#8243;][et_pb_text admin_label=\u00bbT\u00edtulo\u00bb _builder_version=\u00bb3.29.1&#8243; text_font=\u00bbRaleway|600||on|||||\u00bb text_text_color=\u00bb#0c71c3&#8243; text_orientation=\u00bbcenter\u00bb]<\/p>\n<p>Woo Title<\/p>\n<p>[\/et_pb_text][et_pb_wc_title product=\u00bb591&#8243; _builder_version=\u00bb3.29.1&#8243;][\/et_pb_wc_title][et_pb_divider color=\u00bb#0c71c3&#8243; _builder_version=\u00bb3.29.1&#8243; custom_margin=\u00bb||0px||false|false\u00bb custom_padding=\u00bb20px||0px||false|false\u00bb][\/et_pb_divider][et_pb_text admin_label=\u00bbT\u00edtulo del producto\u00bb _builder_version=\u00bb3.29.1&#8243;]<\/p>\n<p><span style=\"color: #000000;\"><strong>DESCRIPCI\u00d3N:<\/strong><\/span> T\u00edtulo del producto<\/p>\n<p>[\/et_pb_text][\/et_pb_column][et_pb_column type=\u00bb1_3&#8243; _builder_version=\u00bb3.29.1&#8243;][et_pb_text admin_label=\u00bbT\u00edtulo\u00bb _builder_version=\u00bb3.29.1&#8243; text_font=\u00bbRaleway|600||on|||||\u00bb text_text_color=\u00bb#0c71c3&#8243; text_orientation=\u00bbcenter\u00bb]<\/p>\n<p>Woo Rating<\/p>\n<p>[\/et_pb_text][et_pb_wc_rating product=\u00bb591&#8243; _builder_version=\u00bb3.29.1&#8243;][\/et_pb_wc_rating][et_pb_wc_rating product=\u00bb591&#8243; _builder_version=\u00bb3.29.1&#8243; rating_text_color=\u00bb#e09900&#8243; rating_letter_spacing=\u00bb2px\u00bb body_font=\u00bb||||||||\u00bb body_text_color=\u00bb#000000&#8243; body_font_size=\u00bb13px\u00bb][\/et_pb_wc_rating][et_pb_divider color=\u00bb#0c71c3&#8243; _builder_version=\u00bb3.29.1&#8243; custom_margin=\u00bb||0px||false|false\u00bb custom_padding=\u00bb20px||0px||false|false\u00bb][\/et_pb_divider][et_pb_text admin_label=\u00bbEstrellas, valoraci\u00f3n de los clientes.\u00bb _builder_version=\u00bb3.29.1&#8243;]<\/p>\n<p><span style=\"color: #000000;\"><strong>DESCRIPCI\u00d3N:<\/strong><\/span> Estrellas, valoraci\u00f3n de los clientes.<\/p>\n<p>[\/et_pb_text][\/et_pb_column][\/et_pb_row][et_pb_row column_structure=\u00bb1_3,1_3,1_3&#8243; _builder_version=\u00bb3.29.1&#8243; border_width_bottom=\u00bb1px\u00bb][et_pb_column type=\u00bb1_3&#8243; _builder_version=\u00bb3.29.1&#8243;][et_pb_text admin_label=\u00bbT\u00edtulo\u00bb _builder_version=\u00bb3.29.1&#8243; text_font=\u00bbRaleway|600||on|||||\u00bb text_text_color=\u00bb#0c71c3&#8243; text_orientation=\u00bbcenter\u00bb]<\/p>\n<p>Woo Price<\/p>\n<p>[\/et_pb_text][et_pb_wc_price _builder_version=\u00bb3.29.1&#8243;][\/et_pb_wc_price][et_pb_wc_price _builder_version=\u00bb3.29.1&#8243; before_sale_price_font=\u00bb|600|||||||\u00bb before_sale_price_text_color=\u00bb#e02b20&#8243; before_sale_price_font_size=\u00bb18px\u00bb sale_price_font=\u00bb|600|||||||\u00bb][\/et_pb_wc_price][et_pb_divider color=\u00bb#0c71c3&#8243; _builder_version=\u00bb3.29.1&#8243; custom_margin=\u00bb||0px||false|false\u00bb custom_padding=\u00bb20px||0px||false|false\u00bb][\/et_pb_divider][et_pb_text admin_label=\u00bbPrecio\u00bb _builder_version=\u00bb3.29.1&#8243;]<\/p>\n<p><span style=\"color: #000000;\"><strong>DESCRIPCI\u00d3N:<\/strong><\/span> Precio del producto<\/p>\n<p>[\/et_pb_text][\/et_pb_column][et_pb_column type=\u00bb1_3&#8243; _builder_version=\u00bb3.29.1&#8243;][et_pb_text admin_label=\u00bbT\u00edtulo\u00bb _builder_version=\u00bb3.29.1&#8243; text_font=\u00bbRaleway|600||on|||||\u00bb text_text_color=\u00bb#0c71c3&#8243; text_orientation=\u00bbcenter\u00bb]<\/p>\n<p>Woo Description<\/p>\n<p>[\/et_pb_text][et_pb_wc_description _builder_version=\u00bb3.29.1&#8243;][\/et_pb_wc_description][et_pb_divider color=\u00bb#0c71c3&#8243; _builder_version=\u00bb3.29.1&#8243; custom_margin=\u00bb||0px||false|false\u00bb custom_padding=\u00bb20px||0px||false|false\u00bb][\/et_pb_divider][et_pb_text admin_label=\u00bbDescripci\u00f3n corta del producto\u00bb _builder_version=\u00bb3.29.1&#8243;]<\/p>\n<p><span style=\"color: #000000;\"><strong>DESCRIPCI\u00d3N:<\/strong><\/span> Descripci\u00f3n corta del producto<\/p>\n<p>[\/et_pb_text][\/et_pb_column][et_pb_column type=\u00bb1_3&#8243; _builder_version=\u00bb3.29.1&#8243;][et_pb_text admin_label=\u00bbT\u00edtulo\u00bb _builder_version=\u00bb3.29.1&#8243; text_font=\u00bbRaleway|600||on|||||\u00bb text_text_color=\u00bb#0c71c3&#8243; text_orientation=\u00bbcenter\u00bb]<\/p>\n<p>Woo Stock<\/p>\n<p>[\/et_pb_text][et_pb_wc_stock product=\u00bb591&#8243; _builder_version=\u00bb3.29.1&#8243;][\/et_pb_wc_stock][et_pb_wc_stock product=\u00bb591&#8243; _builder_version=\u00bb3.29.1&#8243; instock_text_color=\u00bb#0c71c3&#8243;][\/et_pb_wc_stock][et_pb_divider color=\u00bb#0c71c3&#8243; _builder_version=\u00bb3.29.1&#8243; custom_margin=\u00bb||0px||false|false\u00bb custom_padding=\u00bb20px||0px||false|false\u00bb][\/et_pb_divider][et_pb_text admin_label=\u00bbStock disponible\u00bb _builder_version=\u00bb3.29.1&#8243;]<\/p>\n<p><span style=\"color: #000000;\"><strong>DESCRIPCI\u00d3N:<\/strong><\/span> Stock disponible<\/p>\n<p>[\/et_pb_text][\/et_pb_column][\/et_pb_row][et_pb_row column_structure=\u00bb1_3,1_3,1_3&#8243; use_custom_gutter=\u00bbon\u00bb gutter_width=\u00bb2&#8243; make_equal=\u00bbon\u00bb _builder_version=\u00bb3.29.1&#8243; border_width_bottom=\u00bb1px\u00bb][et_pb_column type=\u00bb1_3&#8243; _builder_version=\u00bb3.29.1&#8243;][et_pb_text admin_label=\u00bbT\u00edtulo\u00bb _builder_version=\u00bb3.29.1&#8243; text_font=\u00bbRaleway|600||on|||||\u00bb text_text_color=\u00bb#0c71c3&#8243; text_orientation=\u00bbcenter\u00bb]<\/p>\n<p>Woo Add To Cart<\/p>\n<p>[\/et_pb_text][et_pb_wc_add_to_cart _builder_version=\u00bb3.29.1&#8243;][\/et_pb_wc_add_to_cart][et_pb_wc_add_to_cart _builder_version=\u00bb3.29.1&#8243; fields_background_color=\u00bb#ffffff\u00bb fields_text_color=\u00bbrgba(0,0,0,0.5)\u00bb fields_focus_background_color=\u00bb#ffffff\u00bb fields_focus_text_color=\u00bb#000000&#8243; custom_button=\u00bbon\u00bb button_text_size=\u00bb14px\u00bb button_text_color=\u00bb#ffffff\u00bb button_bg_color=\u00bb#000000&#8243; button_border_width=\u00bb9px\u00bb button_border_color=\u00bb#000000&#8243; button_border_radius=\u00bb0px\u00bb button_font=\u00bb|600||on|||||\u00bb custom_margin=\u00bb||0px||false|true\u00bb custom_padding=\u00bb||||false|true\u00bb border_radii_fields=\u00bbon|0px|0px|0px|0px\u00bb border_width_all_fields=\u00bb1px\u00bb border_color_all_fields=\u00bbrgba(51,51,51,0.5)\u00bb button_bg_color__hover_enabled=\u00bbon|desktop\u00bb button_bg_color__hover=\u00bbrgba(0,0,0,0.73)\u00bb button_bg_enable_color__hover=\u00bbon\u00bb button_border_color__hover_enabled=\u00bbon|hover\u00bb button_border_color__hover=\u00bbrgba(0,0,0,0.72)\u00bb][\/et_pb_wc_add_to_cart][et_pb_divider color=\u00bb#0c71c3&#8243; _builder_version=\u00bb3.29.1&#8243; custom_margin=\u00bb||0px||false|false\u00bb custom_padding=\u00bb20px||0px||false|false\u00bb][\/et_pb_divider][et_pb_text admin_label=\u00bbUnidades y bot\u00f3n a\u00f1adir al carrito\u00bb _builder_version=\u00bb3.29.1&#8243;]<\/p>\n<p><span style=\"color: #000000;\"><strong>DESCRIPCI\u00d3N:<\/strong><\/span> Unidades y bot\u00f3n a\u00f1adir al carrito<\/p>\n<p>[\/et_pb_text][\/et_pb_column][et_pb_column type=\u00bb1_3&#8243; _builder_version=\u00bb3.29.1&#8243;][et_pb_text admin_label=\u00bbT\u00edtulo\u00bb _builder_version=\u00bb3.29.1&#8243; text_font=\u00bbRaleway|600||on|||||\u00bb text_text_color=\u00bb#0c71c3&#8243; text_orientation=\u00bbcenter\u00bb]<\/p>\n<p>Woo Meta<\/p>\n<p>[\/et_pb_text][et_pb_wc_meta _builder_version=\u00bb3.29.1&#8243;][\/et_pb_wc_meta][et_pb_wc_meta meta_layout=\u00bbstacked\u00bb _builder_version=\u00bb3.29.1&#8243; body_text_color=\u00bb#000000&#8243; link_text_color=\u00bbrgba(0,0,0,0.7)\u00bb][\/et_pb_wc_meta][et_pb_divider color=\u00bb#0c71c3&#8243; _builder_version=\u00bb3.29.1&#8243; custom_margin=\u00bb||0px||false|false\u00bb custom_padding=\u00bb20px||0px||false|false\u00bb][\/et_pb_divider][et_pb_text admin_label=\u00bbCategor\u00edas y etiquetas\u00bb _builder_version=\u00bb3.29.1&#8243;]<\/p>\n<p><span style=\"color: #000000;\"><strong>DESCRIPCI\u00d3N:<\/strong><\/span> Categor\u00edas y etiquetas<\/p>\n<p>[\/et_pb_text][\/et_pb_column][et_pb_column type=\u00bb1_3&#8243; _builder_version=\u00bb3.29.1&#8243;][et_pb_text admin_label=\u00bbT\u00edtulo\u00bb _builder_version=\u00bb3.29.1&#8243; text_font=\u00bbRaleway|600||on|||||\u00bb text_text_color=\u00bb#0c71c3&#8243; text_orientation=\u00bbcenter\u00bb]<\/p>\n<p>Falta campo descripci\u00f3n<\/p>\n<p>[\/et_pb_text][et_pb_divider color=\u00bb#0c71c3&#8243; _builder_version=\u00bb3.29.1&#8243; custom_margin=\u00bb||0px||false|false\u00bb custom_padding=\u00bb20px||0px||false|false\u00bb][\/et_pb_divider][et_pb_text admin_label=\u00bbInformaci\u00f3n adicional, peso, dimensiones&#8230;\u00bb _builder_version=\u00bb3.29.1&#8243;]<\/p>\n<p><span style=\"color: #000000;\"><strong>DESCRIPCI\u00d3N:<\/strong><\/span> Informaci\u00f3n adicional, peso, dimensiones&#8230;<\/p>\n<p>[\/et_pb_text][\/et_pb_column][\/et_pb_row][et_pb_row use_custom_gutter=\u00bbon\u00bb gutter_width=\u00bb2&#8243; make_equal=\u00bbon\u00bb admin_label=\u00bbValoraciones para exportar\u00bb _builder_version=\u00bb4.0.3&#8243; hover_enabled=\u00bb0&#8243; border_width_bottom=\u00bb1px\u00bb][et_pb_column type=\u00bb4_4&#8243; _builder_version=\u00bb3.29.1&#8243;][et_pb_wc_tabs active_tab_background_color=\u00bb#000000&#8243; inactive_tab_background_color=\u00bbrgba(12,12,12,0.07)\u00bb active_tab_text_color=\u00bb#ffffff\u00bb product=\u00bb591&#8243; _builder_version=\u00bb4.0.3&#8243; tab_text_color=\u00bb#000000&#8243; tab_font=\u00bb|||on|||||\u00bb tab_font_size=\u00bb12px\u00bb tab_letter_spacing=\u00bb1px\u00bb custom_css_tab=\u00bbpadding:10px;\u00bb][\/et_pb_wc_tabs][\/et_pb_column][\/et_pb_row][et_pb_row use_custom_gutter=\u00bbon\u00bb gutter_width=\u00bb2&#8243; make_equal=\u00bbon\u00bb _builder_version=\u00bb4.0.3&#8243; border_width_bottom=\u00bb1px\u00bb][et_pb_column type=\u00bb4_4&#8243; _builder_version=\u00bb3.29.1&#8243;][et_pb_text admin_label=\u00bbT\u00edtulo\u00bb _builder_version=\u00bb3.29.1&#8243; text_font=\u00bbRaleway|600||on|||||\u00bb text_text_color=\u00bb#0c71c3&#8243; text_orientation=\u00bbcenter\u00bb]<\/p>\n<p>Woo Tabs<\/p>\n<p>[\/et_pb_text][et_pb_wc_tabs product=\u00bb591&#8243; _builder_version=\u00bb3.29.1&#8243;][\/et_pb_wc_tabs][et_pb_wc_tabs active_tab_background_color=\u00bb#000000&#8243; inactive_tab_background_color=\u00bbrgba(12,12,12,0.07)\u00bb active_tab_text_color=\u00bb#ffffff\u00bb product=\u00bb591&#8243; _builder_version=\u00bb3.29.1&#8243; tab_text_color=\u00bb#000000&#8243; tab_font=\u00bb|||on|||||\u00bb tab_font_size=\u00bb12px\u00bb tab_letter_spacing=\u00bb1px\u00bb custom_css_tab=\u00bbpadding:10px;\u00bb][\/et_pb_wc_tabs][et_pb_divider color=\u00bb#0c71c3&#8243; _builder_version=\u00bb3.29.1&#8243; custom_margin=\u00bb||0px||false|false\u00bb custom_padding=\u00bb20px||0px||false|false\u00bb][\/et_pb_divider][et_pb_text admin_label=\u00bbPesta\u00f1as, descripci\u00f3n, informaci\u00f3n adicional, valoraciones&#8230;\u00bb _builder_version=\u00bb3.29.1&#8243;]<\/p>\n<p><span style=\"color: #000000;\"><strong>DESCRIPCI\u00d3N:<\/strong><\/span> Pesta\u00f1as, descripci\u00f3n, informaci\u00f3n adicional, valoraciones&#8230;<\/p>\n<p>[\/et_pb_text][\/et_pb_column][\/et_pb_row][et_pb_row column_structure=\u00bb2_5,3_5&#8243; use_custom_gutter=\u00bbon\u00bb gutter_width=\u00bb2&#8243; make_equal=\u00bbon\u00bb _builder_version=\u00bb3.29.1&#8243; border_width_bottom=\u00bb1px\u00bb][et_pb_column type=\u00bb2_5&#8243; _builder_version=\u00bb3.29.1&#8243;][et_pb_text admin_label=\u00bbT\u00edtulo\u00bb _builder_version=\u00bb3.29.1&#8243; text_font=\u00bbRaleway|600||on|||||\u00bb text_text_color=\u00bb#0c71c3&#8243; text_orientation=\u00bbcenter\u00bb]<\/p>\n<p>Woo Additional Info<\/p>\n<p>[\/et_pb_text][et_pb_wc_additional_info product=\u00bb591&#8243; _builder_version=\u00bb3.29.1&#8243;][\/et_pb_wc_additional_info][et_pb_wc_additional_info product=\u00bb591&#8243; _builder_version=\u00bb3.29.1&#8243; body_font=\u00bb||||||||\u00bb header_font=\u00bb|600||on|||||\u00bb header_font_size=\u00bb17px\u00bb header_letter_spacing=\u00bb2px\u00bb attribute_font=\u00bb|600|||||||\u00bb attribute_text_color=\u00bb#000000&#8243;][\/et_pb_wc_additional_info][et_pb_divider color=\u00bb#0c71c3&#8243; _builder_version=\u00bb3.29.1&#8243; custom_margin=\u00bb||0px||false|false\u00bb custom_padding=\u00bb20px||0px||false|false\u00bb][\/et_pb_divider][et_pb_text admin_label=\u00bbInformaci\u00f3n adicional, peso, dimensiones&#8230;\u00bb _builder_version=\u00bb3.29.1&#8243;]<\/p>\n<p><span style=\"color: #000000;\"><strong>DESCRIPCI\u00d3N:<\/strong><\/span> Informaci\u00f3n adicional, peso, dimensiones&#8230;<\/p>\n<p>[\/et_pb_text][\/et_pb_column][et_pb_column type=\u00bb3_5&#8243; _builder_version=\u00bb3.29.1&#8243;][et_pb_text admin_label=\u00bbT\u00edtulo\u00bb _builder_version=\u00bb3.29.1&#8243; text_font=\u00bbRaleway|600||on|||||\u00bb text_text_color=\u00bb#0c71c3&#8243; text_orientation=\u00bbcenter\u00bb]<\/p>\n<p>Woo Reviews<\/p>\n<p>[\/et_pb_text][et_pb_wc_reviews product=\u00bb591&#8243; _builder_version=\u00bb3.29.1&#8243;][\/et_pb_wc_reviews][et_pb_wc_reviews product=\u00bb591&#8243; _builder_version=\u00bb3.29.1&#8243; form_field_background_color=\u00bb#ffffff\u00bb form_field_focus_background_color=\u00bbrgba(0,0,0,0.03)\u00bb form_field_focus_text_color=\u00bb#000000&#8243; meta_text_color=\u00bb#000000&#8243; rating_text_color=\u00bb#e09900&#8243; form_field_font_size=\u00bb14px\u00bb use_focus_border_color=\u00bbon\u00bb custom_button=\u00bbon\u00bb button_text_size=\u00bb14px\u00bb button_text_color=\u00bb#ffffff\u00bb button_bg_color=\u00bb#000000&#8243; button_border_width=\u00bb8px\u00bb button_border_color=\u00bb#000000&#8243; button_border_radius=\u00bb1px\u00bb button_letter_spacing=\u00bb2px\u00bb button_font=\u00bb|||on|||||\u00bb border_radii_image=\u00bbon|100px|100px|100px|100px\u00bb border_width_all_fields=\u00bb1px\u00bb border_color_all_fields=\u00bbrgba(0,0,0,0.31)\u00bb border_radii_fields_focus=\u00bbon|1px|1px|1px|1px\u00bb border_width_all_fields_focus=\u00bb1px\u00bb border_color_all_fields_focus=\u00bb#000000&#8243;][\/et_pb_wc_reviews][et_pb_divider color=\u00bb#0c71c3&#8243; _builder_version=\u00bb3.29.1&#8243; custom_margin=\u00bb||0px||false|false\u00bb custom_padding=\u00bb20px||0px||false|false\u00bb][\/et_pb_divider][et_pb_text admin_label=\u00bbCampo de valoraciones\u00bb _builder_version=\u00bb3.29.1&#8243;]<\/p>\n<p><span style=\"color: #000000;\"><strong>DESCRIPCI\u00d3N:<\/strong><\/span> Campo de valoraciones<\/p>\n<p>[\/et_pb_text][\/et_pb_column][\/et_pb_row][et_pb_row column_structure=\u00bb1_3,1_3,1_3&#8243; use_custom_gutter=\u00bbon\u00bb gutter_width=\u00bb2&#8243; make_equal=\u00bbon\u00bb _builder_version=\u00bb3.29.1&#8243; border_width_bottom=\u00bb1px\u00bb][et_pb_column type=\u00bb1_3&#8243; _builder_version=\u00bb3.29.1&#8243;][et_pb_text admin_label=\u00bbT\u00edtulo\u00bb _builder_version=\u00bb3.29.1&#8243; text_font=\u00bbRaleway|600||on|||||\u00bb text_text_color=\u00bb#0c71c3&#8243; text_orientation=\u00bbcenter\u00bb]<\/p>\n<p>Woo Gallery<\/p>\n<p>[\/et_pb_text][et_pb_wc_gallery product=\u00bb591&#8243; _builder_version=\u00bb3.29.1&#8243;][\/et_pb_wc_gallery][et_pb_divider color=\u00bb#0c71c3&#8243; _builder_version=\u00bb3.29.1&#8243; custom_margin=\u00bb||0px||false|false\u00bb custom_padding=\u00bb20px||0px||false|false\u00bb][\/et_pb_divider][et_pb_text admin_label=\u00bbGaler\u00eda con bolitas\u00bb _builder_version=\u00bb3.29.1&#8243;]<\/p>\n<p><span style=\"color: #000000;\"><strong>DESCRIPCI\u00d3N:<\/strong><\/span> Galer\u00eda con bolitas<\/p>\n<p>[\/et_pb_text][\/et_pb_column][et_pb_column type=\u00bb1_3&#8243; _builder_version=\u00bb3.29.1&#8243;][et_pb_text admin_label=\u00bbT\u00edtulo\u00bb _builder_version=\u00bb3.29.1&#8243; text_font=\u00bbRaleway|600||on|||||\u00bb text_text_color=\u00bb#0c71c3&#8243; text_orientation=\u00bbcenter\u00bb]<\/p>\n<p>Woo Images<\/p>\n<p>[\/et_pb_text][et_pb_wc_images _builder_version=\u00bb3.29.1&#8243;][\/et_pb_wc_images][et_pb_divider color=\u00bb#0c71c3&#8243; _builder_version=\u00bb3.29.1&#8243; custom_margin=\u00bb||0px||false|false\u00bb custom_padding=\u00bb20px||0px||false|false\u00bb][\/et_pb_divider][et_pb_text admin_label=\u00bbGaler\u00eda con imagen thumder\u00bb _builder_version=\u00bb3.29.1&#8243;]<\/p>\n<p><span style=\"color: #000000;\"><strong>DESCRIPCI\u00d3N:<\/strong><\/span> Galer\u00eda con imagen thumder<\/p>\n<p>[\/et_pb_text][\/et_pb_column][et_pb_column type=\u00bb1_3&#8243; _builder_version=\u00bb3.29.1&#8243;][et_pb_wc_images sale_badge_color=\u00bb#000000&#8243; _builder_version=\u00bb3.29.1&#8243; sale_badge_font=\u00bbRaleway|||on|||||\u00bb sale_badge_font_size=\u00bb14px\u00bb sale_badge_letter_spacing=\u00bb2px\u00bb filter_saturate=\u00bb0%\u00bb transform_styles__hover_enabled=\u00bbon|hover\u00bb transform_scale__hover_enabled=\u00bbon|hover\u00bb transform_translate__hover_enabled=\u00bbon|desktop\u00bb transform_rotate__hover_enabled=\u00bbon|desktop\u00bb transform_skew__hover_enabled=\u00bbon|desktop\u00bb transform_origin__hover_enabled=\u00bbon|desktop\u00bb filter_saturate__hover_enabled=\u00bbon|hover\u00bb filter_saturate__hover=\u00bb100%\u00bb][\/et_pb_wc_images][\/et_pb_column][\/et_pb_row][et_pb_row use_custom_gutter=\u00bbon\u00bb gutter_width=\u00bb2&#8243; make_equal=\u00bbon\u00bb _builder_version=\u00bb3.29.1&#8243; border_width_bottom=\u00bb1px\u00bb][et_pb_column type=\u00bb4_4&#8243; _builder_version=\u00bb3.29.1&#8243;][et_pb_text admin_label=\u00bbT\u00edtulo\u00bb _builder_version=\u00bb3.29.1&#8243; text_font=\u00bbRaleway|600||on|||||\u00bb text_text_color=\u00bb#0c71c3&#8243; text_orientation=\u00bbcenter\u00bb]<\/p>\n<p>Woo Related Product<\/p>\n<p>[\/et_pb_text][et_pb_wc_related_products _builder_version=\u00bb3.29.1&#8243;][\/et_pb_wc_related_products][et_pb_wc_related_products columns_number=\u00bb4&#8243; sale_badge_color=\u00bb#000000&#8243; _builder_version=\u00bb3.29.1&#8243; title_font=\u00bbRaleway|700||on|||||\u00bb title_text_color=\u00bb#000000&#8243; title_font_size=\u00bb20px\u00bb title_letter_spacing=\u00bb2px\u00bb rating_text_color=\u00bb#e09900&#8243; product_title_font=\u00bbRaleway|600||on|||||\u00bb product_title_text_align=\u00bbcenter\u00bb product_title_font_size=\u00bb14px\u00bb product_title_letter_spacing=\u00bb2px\u00bb product_title_line_height=\u00bb1.2em\u00bb price_text_color=\u00bb#000000&#8243; sale_badge_font=\u00bb|||on|||||\u00bb sale_badge_text_color=\u00bb#ffffff\u00bb sale_badge_font_size=\u00bb14px\u00bb sale_badge_letter_spacing=\u00bb2px\u00bb sale_price_text_color=\u00bb#000000&#8243; sale_price_font_size=\u00bb18px\u00bb text_orientation=\u00bbcenter\u00bb][\/et_pb_wc_related_products][et_pb_divider color=\u00bb#0c71c3&#8243; _builder_version=\u00bb3.29.1&#8243; custom_margin=\u00bb||0px||false|false\u00bb custom_padding=\u00bb20px||0px||false|false\u00bb][\/et_pb_divider][et_pb_text admin_label=\u00bbProductos relacionados\u00bb _builder_version=\u00bb3.29.1&#8243;]<\/p>\n<p><span style=\"color: #000000;\"><strong>DESCRIPCI\u00d3N:<\/strong><\/span> Productos relacionados<\/p>\n<p>[\/et_pb_text][\/et_pb_column][\/et_pb_row][et_pb_row column_structure=\u00bb1_3,1_3,1_3&#8243; use_custom_gutter=\u00bbon\u00bb gutter_width=\u00bb2&#8243; make_equal=\u00bbon\u00bb _builder_version=\u00bb3.29.1&#8243; border_width_bottom=\u00bb1px\u00bb][et_pb_column type=\u00bb1_3&#8243; _builder_version=\u00bb3.29.1&#8243;][et_pb_text admin_label=\u00bbT\u00edtulo\u00bb _builder_version=\u00bb3.29.1&#8243; text_font=\u00bbRaleway|600||on|||||\u00bb text_text_color=\u00bb#0c71c3&#8243; text_orientation=\u00bbcenter\u00bb]<\/p>\n<p>Woo Upsell<\/p>\n<p>[\/et_pb_text][et_pb_wc_upsells _builder_version=\u00bb3.29.1&#8243;][\/et_pb_wc_upsells][et_pb_divider color=\u00bb#0c71c3&#8243; _builder_version=\u00bb3.29.1&#8243; custom_margin=\u00bb||0px||false|false\u00bb custom_padding=\u00bb20px||0px||false|false\u00bb][\/et_pb_divider][et_pb_text admin_label=\u00bbDescripci\u00f3n\u00bb _builder_version=\u00bb3.29.1&#8243;]<\/p>\n<p><span style=\"color: #000000;\"><strong>DESCRIPCI\u00d3N:<\/strong><\/span> Ni idea, investigar que es<\/p>\n<p>[\/et_pb_text][\/et_pb_column][et_pb_column type=\u00bb1_3&#8243; _builder_version=\u00bb3.29.1&#8243;][et_pb_text admin_label=\u00bbT\u00edtulo\u00bb _builder_version=\u00bb3.29.1&#8243; text_font=\u00bbRaleway|600||on|||||\u00bb text_text_color=\u00bb#0c71c3&#8243; text_orientation=\u00bbcenter\u00bb]<\/p>\n<p>Woo Cart Notice<\/p>\n<p>[\/et_pb_text][et_pb_wc_cart_notice product=\u00bb591&#8243; _builder_version=\u00bb3.29.1&#8243;][\/et_pb_wc_cart_notice][et_pb_wc_cart_notice product=\u00bb591&#8243; _builder_version=\u00bb3.29.1&#8243; body_font_size=\u00bb14px\u00bb body_line_height=\u00bb1.4em\u00bb custom_css_text=\u00bb||\u00bb][\/et_pb_wc_cart_notice][et_pb_divider color=\u00bb#0c71c3&#8243; _builder_version=\u00bb3.29.1&#8243; custom_margin=\u00bb||0px||false|false\u00bb custom_padding=\u00bb20px||0px||false|false\u00bb][\/et_pb_divider][et_pb_text admin_label=\u00bbDescripci\u00f3n\u00bb _builder_version=\u00bb3.29.1&#8243;]<\/p>\n<p><span style=\"color: #000000;\"><strong>DESCRIPCI\u00d3N:<\/strong><\/span> Carrito, info de lo que tenemos a\u00f1adido al carrito + bot\u00f3n ver carrito.<\/p>\n<p>[\/et_pb_text][\/et_pb_column][et_pb_column type=\u00bb1_3&#8243; _builder_version=\u00bb3.29.1&#8243;][\/et_pb_column][\/et_pb_row][\/et_pb_section]<\/p>\n","protected":false},"excerpt":{"rendered":"<p>Woo BreadcrumbDESCRIPCI\u00d3N: Men\u00fa superior de productoWoo TitleDESCRIPCI\u00d3N: T\u00edtulo del productoWoo RatingDESCRIPCI\u00d3N: Estrellas, valoraci\u00f3n de los clientes.Woo PriceDESCRIPCI\u00d3N: Precio del productoWoo DescriptionDESCRIPCI\u00d3N: Descripci\u00f3n corta del productoWoo StockDESCRIPCI\u00d3N: Stock disponibleWoo Add To CartDESCRIPCI\u00d3N: Unidades y bot\u00f3n a\u00f1adir al carritoWoo MetaDESCRIPCI\u00d3N: Categor\u00edas y etiquetasFalta campo descripci\u00f3nDESCRIPCI\u00d3N: Informaci\u00f3n adicional, peso, dimensiones&#8230;Woo TabsDESCRIPCI\u00d3N: Pesta\u00f1as, descripci\u00f3n, informaci\u00f3n adicional, valoraciones&#8230;Woo Additional InfoDESCRIPCI\u00d3N: [&hellip;]<\/p>\n","protected":false},"author":1,"featured_media":0,"parent":0,"menu_order":0,"comment_status":"closed","ping_status":"closed","template":"","meta":{"_et_pb_use_builder":"on","_et_pb_old_content":"","_et_gb_content_width":"","inline_featured_image":false,"footnotes":""},"_links":{"self":[{"href":"https:\/\/demo.23digitalstudio.com\/index.php?rest_route=\/wp\/v2\/pages\/741"}],"collection":[{"href":"https:\/\/demo.23digitalstudio.com\/index.php?rest_route=\/wp\/v2\/pages"}],"about":[{"href":"https:\/\/demo.23digitalstudio.com\/index.php?rest_route=\/wp\/v2\/types\/page"}],"author":[{"embeddable":true,"href":"https:\/\/demo.23digitalstudio.com\/index.php?rest_route=\/wp\/v2\/users\/1"}],"replies":[{"embeddable":true,"href":"https:\/\/demo.23digitalstudio.com\/index.php?rest_route=%2Fwp%2Fv2%2Fcomments&post=741"}],"version-history":[{"count":106,"href":"https:\/\/demo.23digitalstudio.com\/index.php?rest_route=\/wp\/v2\/pages\/741\/revisions"}],"predecessor-version":[{"id":1713,"href":"https:\/\/demo.23digitalstudio.com\/index.php?rest_route=\/wp\/v2\/pages\/741\/revisions\/1713"}],"wp:attachment":[{"href":"https:\/\/demo.23digitalstudio.com\/index.php?rest_route=%2Fwp%2Fv2%2Fmedia&parent=741"}],"curies":[{"name":"wp","href":"https:\/\/api.w.org\/{rel}","templated":true}]}}